{"id":38267,"date":"2025-04-10T08:54:37","date_gmt":"2025-04-10T08:54:37","guid":{"rendered":"https:\/\/speedycom.zapto.org\/delivery\/"},"modified":"2026-02-17T16:11:27","modified_gmt":"2026-02-17T16:11:27","slug":"delivery","status":"publish","type":"page","link":"https:\/\/zooland.md\/ro\/delivery\/","title":{"rendered":"Livrare"},"content":{"rendered":"\t\t<div data-elementor-type=\"wp-page\" data-elementor-id=\"38267\" class=\"elementor elementor-38267 elementor-8910\" data-elementor-post-type=\"page\">\n\t\t\t\t<div class=\"elementor-element elementor-element-7cc170f e-flex e-con-boxed e-con e-parent\" data-id=\"7cc170f\" data-element_type=\"container\">\n\t\t\t\t\t<div class=\"e-con-inner\">\n\t\t\t\t<div class=\"elementor-element elementor-element-4ba5312 elementor-widget elementor-widget-text-editor\" data-id=\"4ba5312\" data-element_type=\"widget\" data-widget_type=\"text-editor.default\">\n\t\t\t\t<div class=\"elementor-widget-container\">\n\t\t\t\t\t\t\t\t\t<p><strong><b data-path-to-node=\"2\" data-index-in-node=\"0\">Livrarea \u00een raza ora\u0219ului Chi\u0219in\u0103u \u2013 50 lei.<\/b><\/strong><\/p><p data-path-to-node=\"2\"><b data-path-to-node=\"2\" data-index-in-node=\"45\">Livrare gratuit\u0103 pentru comenzile de la 500 lei.<\/b><\/p><ul><li>Livrarea se efectueaz\u0103 de luni p\u00e2n\u0103 vineri, \u00eentre orele <b data-path-to-node=\"3\" data-index-in-node=\"56\">10:00 \u0219i 18:00<\/b>.<\/li><li><p data-path-to-node=\"3\">Este posibil\u0103 ridicarea personal\u0103 a produselor, cu o confirmare prealabil\u0103.<\/p><\/li><\/ul><p><strong>Aten\u021bie!<\/strong><\/p><ul><li>Dup\u0103 plasarea comenzii pe site-ul <b data-path-to-node=\"4\" data-index-in-node=\"43\">zooland.md<\/b>, avem nevoie de timp pentru procesarea \u0219i confirmarea cererii.<\/li><li>Termenul de procesare \u0219i livrare a comenzii este de <b data-path-to-node=\"4\" data-index-in-node=\"169\">p\u00e2n\u0103 la 48 de ore<\/b> din momentul confirm\u0103rii de c\u0103tre operator.<\/li><li>Operatorul nostru v\u0103 va contacta pentru a preciza detaliile \u0219i a stabili o or\u0103 convenabil\u0103 de livrare. Curierul v\u0103 va contacta suplimentar cu 30 de minute \u00eenainte de sosire.<\/li><li>Livrarea se efectueaz\u0103 doar pentru produsele indicate \u00een comanda plasat\u0103. Nu se transport\u0103 mai multe produse pentru a alege unul dintre ele la fa\u021ba locului.<\/li><\/ul><p><strong>Rug\u0103minte insistent\u0103!<\/strong> Verifica\u021bi corespunderea comenzii, termenele de valabilitate \u0219i integritatea ambalajului \u00een prezen\u021ba curierului!<\/p><ul><li>Efectu\u0103m livrarea direct p\u00e2n\u0103 la u\u0219a casei sau oficiului dumneavoastr\u0103. Urcarea cu liftul este gratuit\u0103.<\/li><li>Urcarea f\u0103r\u0103 lift este gratuit\u0103 p\u00e2n\u0103 la etajul 3 inclusiv<ul><li>Dac\u0103 greutatea comenzii dep\u0103\u0219e\u0219te 20 kg \u0219i este necesar\u0103 urcarea mai sus de etajul 3 (f\u0103r\u0103 lift), serviciul este contra cost \u2014 <b data-path-to-node=\"8\" data-index-in-node=\"291\">5 lei pentru fiecare etaj suplimentar<\/b> (sau pute\u021bi efectua urcarea de sine st\u0103t\u0103tor).<\/li><\/ul><\/li><li>\u00cen cazul parc\u0103rilor cu plat\u0103 sau intr\u0103rilor cu plat\u0103 pe teritoriul oficiilor, complexelor locative sau \u00eentreprinderilor, livrarea se efectueaz\u0103 doar p\u00e2n\u0103 la locul de intrare pe teritoriul cu plat\u0103. \u00cen cazul necesit\u0103\u021bii intr\u0103rii pe un teritoriu p\u0103zit, cump\u0103r\u0103torul este obligat s\u0103 asigure accesul liber al automobilului \u0219i s\u0103 se ocupe din timp de permisul de acces.<\/li><\/ul><p>Achitarea produselor se face \u00een numerar sau cu cardul bancar curierului, la fa\u021ba locului.<\/p><hr \/><p><b data-path-to-node=\"11\" data-index-in-node=\"0\">Livrarea \u00een regiunile Moldovei<\/b> se efectueaz\u0103 \u00een decurs de 72 de ore \u0219i este contra cost pentru orice tip de produs. Costul livr\u0103rii \u00een regiuni se calculeaz\u0103 individual. V\u0103 rug\u0103m s\u0103 preciza\u021bi detaliile la operatori.<\/p><hr \/><p>Costul livr\u0103rii constituie 50 lei (at\u00e2t pentru comenzile de peste 500 lei, c\u00e2t \u0219i pentru cele sub 500 lei) \u00een urm\u0103toarele regiuni:<\/p><ul><li><p data-path-to-node=\"14,0,0\">Aeroport<\/p><\/li><li><p data-path-to-node=\"14,1,0\">Bubuieci<\/p><\/li><li><p data-path-to-node=\"14,2,0\">B\u00eec<\/p><\/li><li><p data-path-to-node=\"14,3,0\">Vatra<\/p><\/li><li><p data-path-to-node=\"14,4,0\">Gr\u0103tie\u0219ti<\/p><\/li><li><p data-path-to-node=\"14,5,0\">Ghidighici<\/p><\/li><li><p data-path-to-node=\"14,6,0\">Cheltuitor<\/p><\/li><li><p data-path-to-node=\"14,7,0\">Coloni\u021ba<\/p><\/li><li><p data-path-to-node=\"14,8,0\">St\u0103uceni<\/p><\/li><li><p data-path-to-node=\"14,9,0\">Tohatin, Poiana Nucului<\/p><\/li><\/ul><p>Costul livr\u0103rii constituie 50 lei, indiferent de suma comenzii:<\/p><ul><li><p data-path-to-node=\"16,0,0\">B\u0103cioi<\/p><\/li><li><p data-path-to-node=\"16,1,0\">Cricova<\/p><\/li><li><p data-path-to-node=\"16,2,0\">Ciorescu<\/p><\/li><li><p data-path-to-node=\"16,3,0\">Ialoveni<\/p><\/li><\/ul><hr \/><p><strong>Tarife speciale de livrare:<\/strong><\/p><ul><li><p data-path-to-node=\"18,0,0\">Livrare \u00een Frumu\u0219ica \u2013 <b data-path-to-node=\"18,0,0\" data-index-in-node=\"23\">80 lei<\/b><\/p><\/li><li><p data-path-to-node=\"18,1,0\">Livrare \u00een B\u0103l\u021bata, Bude\u0219ti, Br\u0103ila, D\u0103nceni, Tru\u0219eni \u2013 <b data-path-to-node=\"18,1,0\" data-index-in-node=\"56\">80 lei<\/b><\/p><\/li><li><p data-path-to-node=\"18,2,0\">Livrare \u00een Coju\u0219na, Sire\u021bi \u2013 <b data-path-to-node=\"18,2,0\" data-index-in-node=\"29\">100 lei<\/b><\/p><\/li><li><p data-path-to-node=\"18,3,0\">Livrare \u00een Bardar, S\u00eengera, Suruceni \u2013 <b data-path-to-node=\"18,3,0\" data-index-in-node=\"39\">100 lei<\/b><\/p><\/li><li><p data-path-to-node=\"18,4,0\">Livrare \u00een Dobrogea \u2013 <b data-path-to-node=\"18,4,0\" data-index-in-node=\"22\">130 lei<\/b><\/p><\/li><li><p data-path-to-node=\"18,5,0\">Livrare \u00een Str\u0103\u0219eni, Vadul lui Vod\u0103 \u2013 <b data-path-to-node=\"18,5,0\" data-index-in-node=\"38\">150 lei<\/b><\/p><\/li><li><p data-path-to-node=\"18,6,0\">Livrare \u00een Condri\u021ba \u2013 <b data-path-to-node=\"18,6,0\" data-index-in-node=\"22\">250 lei<\/b><\/p><\/li><li><p data-path-to-node=\"18,7,0\">Livrare \u00een Orhei \u2013 <b data-path-to-node=\"18,7,0\" data-index-in-node=\"19\">250 lei<\/b><\/p><\/li><\/ul>\t\t\t\t\t\t\t\t<\/div>\n\t\t\t\t<\/div>\n\t\t\t\t\t<\/div>\n\t\t\t\t<\/div>\n\t\t\t\t<\/div>\n\t\t","protected":false},"excerpt":{"rendered":"<p>Livrarea \u00een raza ora\u0219ului Chi\u0219in\u0103u \u2013 50 lei. Livrare gratuit\u0103 pentru comenzile de la 500 lei. Livrarea se efectueaz\u0103 de luni p\u00e2n\u0103&hellip;<\/p>\n","protected":false},"author":1,"featured_media":0,"parent":0,"menu_order":0,"comment_status":"closed","ping_status":"closed","template":"","meta":{"_acf_changed":false,"footnotes":""},"class_list":["post-38267","page","type-page","status-publish","hentry"],"acf":[],"_links":{"self":[{"href":"https:\/\/zooland.md\/ro\/wp-json\/wp\/v2\/pages\/38267","targetHints":{"allow":["GET"]}}],"collection":[{"href":"https:\/\/zooland.md\/ro\/wp-json\/wp\/v2\/pages"}],"about":[{"href":"https:\/\/zooland.md\/ro\/wp-json\/wp\/v2\/types\/page"}],"author":[{"embeddable":true,"href":"https:\/\/zooland.md\/ro\/wp-json\/wp\/v2\/users\/1"}],"replies":[{"embeddable":true,"href":"https:\/\/zooland.md\/ro\/wp-json\/wp\/v2\/comments?post=38267"}],"version-history":[{"count":41,"href":"https:\/\/zooland.md\/ro\/wp-json\/wp\/v2\/pages\/38267\/revisions"}],"predecessor-version":[{"id":46505,"href":"https:\/\/zooland.md\/ro\/wp-json\/wp\/v2\/pages\/38267\/revisions\/46505"}],"wp:attachment":[{"href":"https:\/\/zooland.md\/ro\/wp-json\/wp\/v2\/media?parent=38267"}],"curies":[{"name":"wp","href":"https:\/\/api.w.org\/{rel}","templated":true}]}}